{"id":3920,"date":"2021-04-18T14:19:34","date_gmt":"2021-04-18T12:19:34","guid":{"rendered":"https:\/\/flame-paint.preview.network\/impressum\/"},"modified":"2022-12-20T14:04:57","modified_gmt":"2022-12-20T13:04:57","slug":"impressum","status":"publish","type":"page","link":"https:\/\/www.flame-paint.com\/de\/impressum\/","title":{"rendered":"Impressum"},"content":{"rendered":"\t\t<div data-elementor-type=\"wp-page\" data-elementor-id=\"3920\" class=\"elementor elementor-3920 elementor-2410\" data-elementor-settings=\"{&quot;ha_cmc_init_switcher&quot;:&quot;no&quot;}\" data-elementor-post-type=\"page\">\n\t\t\t\t\t\t<section class=\"elementor-section elementor-top-section elementor-element elementor-element-f8df393 elementor-section-boxed elementor-section-height-default elementor-section-height-default\" data-id=\"f8df393\" data-element_type=\"section\" data-e-type=\"section\" data-settings=\"{&quot;_ha_eqh_enable&quot;:false}\">\n\t\t\t\t\t\t<div class=\"elementor-container elementor-column-gap-default\">\n\t\t\t\t\t<div class=\"elementor-column elementor-col-100 elementor-top-column elementor-element elementor-element-c40f1f6\" data-id=\"c40f1f6\" data-element_type=\"column\" data-e-type=\"column\">\n\t\t\t<div class=\"elementor-widget-wrap elementor-element-populated\">\n\t\t\t\t\t\t<div class=\"elementor-element elementor-element-9340ac6 elementor-widget elementor-widget-heading\" data-id=\"9340ac6\" data-element_type=\"widget\" data-e-type=\"widget\" data-widget_type=\"heading.default\">\n\t\t\t\t<div class=\"elementor-widget-container\">\n\t\t\t\t\t<h1 class=\"elementor-heading-title elementor-size-default\">Impressum<\/h1>\t\t\t\t<\/div>\n\t\t\t\t<\/div>\n\t\t\t\t<div class=\"elementor-element elementor-element-66265e4 elementor-widget elementor-widget-text-editor\" data-id=\"66265e4\" data-element_type=\"widget\" data-e-type=\"widget\" data-widget_type=\"text-editor.default\">\n\t\t\t\t<div class=\"elementor-widget-container\">\n\t\t\t\t\t\t\t\t\t<h2>Seitenbetreiber i.S.d. \u00a7 5 TMG<\/h2>\n<p>Feuerstein GmbH<br \/>\nWilly-Brandt-Str. 9\/2<br \/>\n77933 Lahr<br \/>\nDeutschland<br \/>\nE-Mail:\u00a0<a target=\"_blank\" rel=\"noopener noreferrer\">info@molotow.com<\/a><br \/>\nTel.: +497821922290<br \/>\nFax: +4978219222999<\/p>\n<h3>Handelsregister<\/h3>\n<p>Registergericht: Amtsgericht Freiburg<br \/>\nRegisternummer: HRB 391323<\/p>\n<h3>Gesch\u00e4ftsf\u00fchrer<\/h3>\n<p>J\u00fcrgen Feuerstein<\/p>\n<h3>Umsatzsteuer-Identifikationsnummer gem\u00e4\u00df \u00a7 27 a Umsatzsteuergesetz<\/h3>\n<p>DE 206688950<\/p>\n<h3>Inhaltlich Verantwortlicher gem\u00e4\u00df \u00a7 55 Abs. 2 RStV<\/h3>\n<p>J\u00fcrgen Feuerstein<br \/>\n(Anschrift wie oben)<\/p>\n<h3>Hinweis gem\u00e4\u00df \u00a7 36 VSBG<\/h3>\n<p>Wir werden nicht an alternativen Streitschlichtungsverfahren im Sinne des \u00a7 36 VSBG teilnehmen. Die Nutzung einer alternativen Schlichtungsstelle stellt keine zwingende Voraussetzung f\u00fcr das Anrufen zust\u00e4ndiger ordentlicher Gerichte dar.<\/p>\n<h3>Urheberrecht und Bildnachweise<\/h3>\n<p>Die Inhalte von\u00a0<a href=\"http:\/\/www.flame-paint.com\/\" target=\"_blank\" rel=\"noopener noreferrer\">www.flame-paint.com<\/a>\u00a0sind \u2013 soweit nicht abweichend angegeben \u2013 urheberrechtlich gesch\u00fctzt.<br \/>\nVerwendete Fotografien sind ggf. mit Bildnachweisen gekennzeichnet oder unten aufgef\u00fchrt, soweit sie nicht selbst angefertigt wurden.<br \/>\nDie Verwendung von Fotografien auf Drittseiten ist nur im Rahmen der jeweiligen Lizenz der Urheber m\u00f6glich.<\/p>\n<p>Bilder \u00a9\u00a0<a href=\"https:\/\/www.instagram.com\/inchinamade\/\" target=\"_blank\" rel=\"noopener\">INCHINAMADE<\/a><\/p>\n<p>Impressum erstellt durch:<\/p>\n<p>\u00a9 IT-Recht-Kanzlei DURY \u2013\u00a0<a href=\"http:\/\/www.dury.de\/\" target=\"_blank\" rel=\"noopener\">www.dury.de<\/a><br \/>\n\u00a9 Website-Check GmbH \u2013\u00a0<a href=\"http:\/\/www.website-check.de\/\" target=\"_blank\" rel=\"noopener\">www.website-check.de<\/a><\/p>\n\t\t\t\t\t\t\t\t<\/div>\n\t\t\t\t<\/div>\n\t\t\t\t\t<\/div>\n\t\t<\/div>\n\t\t\t\t\t<\/div>\n\t\t<\/section>\n\t\t\t\t<\/div>\n\t\t","protected":false},"excerpt":{"rendered":"<p>Impressum Seitenbetreiber i.S.d. \u00a7 5 TMG Feuerstein GmbH Willy-Brandt-Str. 9\/2 77933 Lahr Deutschland E-Mail:\u00a0info@molotow.com Tel.: +497821922290 Fax: +4978219222999 Handelsregister Registergericht: Amtsgericht Freiburg Registernummer: HRB 391323 Gesch\u00e4ftsf\u00fchrer J\u00fcrgen Feuerstein Umsatzsteuer-Identifikationsnummer gem\u00e4\u00df \u00a7 27 a Umsatzsteuergesetz DE 206688950 Inhaltlich Verantwortlicher gem\u00e4\u00df \u00a7 55 Abs. 2 RStV J\u00fcrgen Feuerstein (Anschrift wie oben) Hinweis gem\u00e4\u00df \u00a7 36 VSBG Wir [&hellip;]<\/p>\n","protected":false},"author":2,"featured_media":0,"parent":0,"menu_order":990,"comment_status":"closed","ping_status":"closed","template":"","meta":{"_acf_changed":false,"footnotes":""},"class_list":["post-3920","page","type-page","status-publish","hentry"],"acf":[],"yoast_head":"<!-- This site is optimized with the Yoast SEO plugin v27.3 - https:\/\/yoast.com\/product\/yoast-seo-wordpress\/ -->\n<title>Impressum - FLAME Graffiti Spray Cans<\/title>\n<meta name=\"robots\" content=\"index, follow, max-snippet:-1, max-image-preview:large, max-video-preview:-1\" \/>\n<link rel=\"canonical\" href=\"https:\/\/www.flame-paint.com\/de\/impressum\/\" \/>\n<meta property=\"og:locale\" content=\"de_DE\" \/>\n<meta property=\"og:type\" content=\"article\" \/>\n<meta property=\"og:title\" content=\"Impressum - FLAME Graffiti Spray Cans\" \/>\n<meta property=\"og:description\" content=\"Impressum Seitenbetreiber i.S.d. \u00a7 5 TMG Feuerstein GmbH Willy-Brandt-Str. 9\/2 77933 Lahr Deutschland E-Mail:\u00a0info@molotow.com Tel.: +497821922290 Fax: +4978219222999 Handelsregister Registergericht: Amtsgericht Freiburg Registernummer: HRB 391323 Gesch\u00e4ftsf\u00fchrer J\u00fcrgen Feuerstein Umsatzsteuer-Identifikationsnummer gem\u00e4\u00df \u00a7 27 a Umsatzsteuergesetz DE 206688950 Inhaltlich Verantwortlicher gem\u00e4\u00df \u00a7 55 Abs. 2 RStV J\u00fcrgen Feuerstein (Anschrift wie oben) Hinweis gem\u00e4\u00df \u00a7 36 VSBG Wir [&hellip;]\" \/>\n<meta property=\"og:url\" content=\"https:\/\/www.flame-paint.com\/de\/impressum\/\" \/>\n<meta property=\"og:site_name\" content=\"FLAME Graffiti Spray Cans\" \/>\n<meta property=\"article:modified_time\" content=\"2022-12-20T13:04:57+00:00\" \/>\n<meta name=\"twitter:card\" content=\"summary_large_image\" \/>\n<meta name=\"twitter:label1\" content=\"Gesch\u00e4tzte Lesezeit\" \/>\n\t<meta name=\"twitter:data1\" content=\"1\u00a0Minute\" \/>\n<script type=\"application\/ld+json\" class=\"yoast-schema-graph\">{\"@context\":\"https:\\\/\\\/schema.org\",\"@graph\":[{\"@type\":\"WebPage\",\"@id\":\"https:\\\/\\\/www.flame-paint.com\\\/de\\\/impressum\\\/\",\"url\":\"https:\\\/\\\/www.flame-paint.com\\\/de\\\/impressum\\\/\",\"name\":\"Impressum - FLAME Graffiti Spray Cans\",\"isPartOf\":{\"@id\":\"https:\\\/\\\/www.flame-paint.com\\\/de\\\/#website\"},\"datePublished\":\"2021-04-18T12:19:34+00:00\",\"dateModified\":\"2022-12-20T13:04:57+00:00\",\"breadcrumb\":{\"@id\":\"https:\\\/\\\/www.flame-paint.com\\\/de\\\/impressum\\\/#breadcrumb\"},\"inLanguage\":\"de\",\"potentialAction\":[{\"@type\":\"ReadAction\",\"target\":[\"https:\\\/\\\/www.flame-paint.com\\\/de\\\/impressum\\\/\"]}]},{\"@type\":\"BreadcrumbList\",\"@id\":\"https:\\\/\\\/www.flame-paint.com\\\/de\\\/impressum\\\/#breadcrumb\",\"itemListElement\":[{\"@type\":\"ListItem\",\"position\":1,\"name\":\"Home\",\"item\":\"https:\\\/\\\/www.flame-paint.com\\\/de\\\/\"},{\"@type\":\"ListItem\",\"position\":2,\"name\":\"Impressum\"}]},{\"@type\":\"WebSite\",\"@id\":\"https:\\\/\\\/www.flame-paint.com\\\/de\\\/#website\",\"url\":\"https:\\\/\\\/www.flame-paint.com\\\/de\\\/\",\"name\":\"FLAME Graffiti Spray Cans\",\"description\":\"\",\"publisher\":{\"@id\":\"https:\\\/\\\/www.flame-paint.com\\\/de\\\/#organization\"},\"potentialAction\":[{\"@type\":\"SearchAction\",\"target\":{\"@type\":\"EntryPoint\",\"urlTemplate\":\"https:\\\/\\\/www.flame-paint.com\\\/de\\\/?s={search_term_string}\"},\"query-input\":{\"@type\":\"PropertyValueSpecification\",\"valueRequired\":true,\"valueName\":\"search_term_string\"}}],\"inLanguage\":\"de\"},{\"@type\":\"Organization\",\"@id\":\"https:\\\/\\\/www.flame-paint.com\\\/de\\\/#organization\",\"name\":\"FLAME Graffiti Spray Cans\",\"url\":\"https:\\\/\\\/www.flame-paint.com\\\/de\\\/\",\"logo\":{\"@type\":\"ImageObject\",\"inLanguage\":\"de\",\"@id\":\"https:\\\/\\\/www.flame-paint.com\\\/de\\\/#\\\/schema\\\/logo\\\/image\\\/\",\"url\":\"https:\\\/\\\/www.flame-paint.com\\\/wp-content\\\/uploads\\\/2021\\\/02\\\/232x76-flame-logo.png\",\"contentUrl\":\"https:\\\/\\\/www.flame-paint.com\\\/wp-content\\\/uploads\\\/2021\\\/02\\\/232x76-flame-logo.png\",\"width\":232,\"height\":64,\"caption\":\"FLAME Graffiti Spray Cans\"},\"image\":{\"@id\":\"https:\\\/\\\/www.flame-paint.com\\\/de\\\/#\\\/schema\\\/logo\\\/image\\\/\"}}]}<\/script>\n<!-- \/ Yoast SEO plugin. -->","yoast_head_json":{"title":"Impressum - FLAME Graffiti Spray Cans","robots":{"index":"index","follow":"follow","max-snippet":"max-snippet:-1","max-image-preview":"max-image-preview:large","max-video-preview":"max-video-preview:-1"},"canonical":"https:\/\/www.flame-paint.com\/de\/impressum\/","og_locale":"de_DE","og_type":"article","og_title":"Impressum - FLAME Graffiti Spray Cans","og_description":"Impressum Seitenbetreiber i.S.d. \u00a7 5 TMG Feuerstein GmbH Willy-Brandt-Str. 9\/2 77933 Lahr Deutschland E-Mail:\u00a0info@molotow.com Tel.: +497821922290 Fax: +4978219222999 Handelsregister Registergericht: Amtsgericht Freiburg Registernummer: HRB 391323 Gesch\u00e4ftsf\u00fchrer J\u00fcrgen Feuerstein Umsatzsteuer-Identifikationsnummer gem\u00e4\u00df \u00a7 27 a Umsatzsteuergesetz DE 206688950 Inhaltlich Verantwortlicher gem\u00e4\u00df \u00a7 55 Abs. 2 RStV J\u00fcrgen Feuerstein (Anschrift wie oben) Hinweis gem\u00e4\u00df \u00a7 36 VSBG Wir [&hellip;]","og_url":"https:\/\/www.flame-paint.com\/de\/impressum\/","og_site_name":"FLAME Graffiti Spray Cans","article_modified_time":"2022-12-20T13:04:57+00:00","twitter_card":"summary_large_image","twitter_misc":{"Gesch\u00e4tzte Lesezeit":"1\u00a0Minute"},"schema":{"@context":"https:\/\/schema.org","@graph":[{"@type":"WebPage","@id":"https:\/\/www.flame-paint.com\/de\/impressum\/","url":"https:\/\/www.flame-paint.com\/de\/impressum\/","name":"Impressum - FLAME Graffiti Spray Cans","isPartOf":{"@id":"https:\/\/www.flame-paint.com\/de\/#website"},"datePublished":"2021-04-18T12:19:34+00:00","dateModified":"2022-12-20T13:04:57+00:00","breadcrumb":{"@id":"https:\/\/www.flame-paint.com\/de\/impressum\/#breadcrumb"},"inLanguage":"de","potentialAction":[{"@type":"ReadAction","target":["https:\/\/www.flame-paint.com\/de\/impressum\/"]}]},{"@type":"BreadcrumbList","@id":"https:\/\/www.flame-paint.com\/de\/impressum\/#breadcrumb","itemListElement":[{"@type":"ListItem","position":1,"name":"Home","item":"https:\/\/www.flame-paint.com\/de\/"},{"@type":"ListItem","position":2,"name":"Impressum"}]},{"@type":"WebSite","@id":"https:\/\/www.flame-paint.com\/de\/#website","url":"https:\/\/www.flame-paint.com\/de\/","name":"FLAME Graffiti Spray Cans","description":"","publisher":{"@id":"https:\/\/www.flame-paint.com\/de\/#organization"},"potentialAction":[{"@type":"SearchAction","target":{"@type":"EntryPoint","urlTemplate":"https:\/\/www.flame-paint.com\/de\/?s={search_term_string}"},"query-input":{"@type":"PropertyValueSpecification","valueRequired":true,"valueName":"search_term_string"}}],"inLanguage":"de"},{"@type":"Organization","@id":"https:\/\/www.flame-paint.com\/de\/#organization","name":"FLAME Graffiti Spray Cans","url":"https:\/\/www.flame-paint.com\/de\/","logo":{"@type":"ImageObject","inLanguage":"de","@id":"https:\/\/www.flame-paint.com\/de\/#\/schema\/logo\/image\/","url":"https:\/\/www.flame-paint.com\/wp-content\/uploads\/2021\/02\/232x76-flame-logo.png","contentUrl":"https:\/\/www.flame-paint.com\/wp-content\/uploads\/2021\/02\/232x76-flame-logo.png","width":232,"height":64,"caption":"FLAME Graffiti Spray Cans"},"image":{"@id":"https:\/\/www.flame-paint.com\/de\/#\/schema\/logo\/image\/"}}]}},"_links":{"self":[{"href":"https:\/\/www.flame-paint.com\/de\/wp-json\/wp\/v2\/pages\/3920","targetHints":{"allow":["GET"]}}],"collection":[{"href":"https:\/\/www.flame-paint.com\/de\/wp-json\/wp\/v2\/pages"}],"about":[{"href":"https:\/\/www.flame-paint.com\/de\/wp-json\/wp\/v2\/types\/page"}],"author":[{"embeddable":true,"href":"https:\/\/www.flame-paint.com\/de\/wp-json\/wp\/v2\/users\/2"}],"replies":[{"embeddable":true,"href":"https:\/\/www.flame-paint.com\/de\/wp-json\/wp\/v2\/comments?post=3920"}],"version-history":[{"count":1,"href":"https:\/\/www.flame-paint.com\/de\/wp-json\/wp\/v2\/pages\/3920\/revisions"}],"predecessor-version":[{"id":3921,"href":"https:\/\/www.flame-paint.com\/de\/wp-json\/wp\/v2\/pages\/3920\/revisions\/3921"}],"wp:attachment":[{"href":"https:\/\/www.flame-paint.com\/de\/wp-json\/wp\/v2\/media?parent=3920"}],"curies":[{"name":"wp","href":"https:\/\/api.w.org\/{rel}","templated":true}]}}